{"id":84,"date":"2025-01-25T08:59:19","date_gmt":"2025-01-25T07:59:19","guid":{"rendered":"http:\/\/domainedelabassemarche.fr\/?page_id=84"},"modified":"2026-02-19T20:50:32","modified_gmt":"2026-02-19T19:50:32","slug":"84-2","status":"publish","type":"page","link":"https:\/\/domainedelabassemarche.fr\/?page_id=84","title":{"rendered":"Gite Le Clos P\u00e9p\u00e9 Jean"},"content":{"rendered":"<div class=\"wp-block-image\">\n<figure class=\"aligncenter size-full\"><img loading=\"lazy\" decoding=\"async\" width=\"673\" height=\"545\" src=\"http:\/\/domainedelabassemarche.fr\/wp-content\/uploads\/2025\/01\/Logo-pepe.jpg\" alt=\"\" class=\"wp-image-85\" srcset=\"https:\/\/domainedelabassemarche.fr\/wp-content\/uploads\/2025\/01\/Logo-pepe.jpg 673w, https:\/\/domainedelabassemarche.fr\/wp-content\/uploads\/2025\/01\/Logo-pepe-300x243.jpg 300w\" sizes=\"auto, (max-width: 673px) 100vw, 673px\" \/><\/figure>\n<\/div>\n\n\n<h2 class=\"wp-block-heading has-text-align-center\"><strong>LE GITE<\/strong><\/h2>\n\n\n\n<p class=\"has-text-align-left\">B\u00e2tisse Typique des Fermes Limousines RDC + 2 Etages un Grand s\u00e9jour Cuisine de 30 M2 un Salon avec Bar et Chemin\u00e9e de 28 M2<\/p>\n\n\n\n<p class=\"has-text-align-left\">Jardin de 250 M2 Patio et Cuisine Bar Ext toutes saisons plancha, barbecue, mobilier tables et chaises.<\/p>\n\n\n\n<p class=\"has-text-align-left\"><strong>Le Clos + Espace \u00ab La Cahute \u00bb <\/strong>Terrain attenant au G\u00eete avec deux chalets + une Roulotte + un espace Polyvalent de 45 M2<\/p>\n\n\n\n<h2 class=\"wp-block-heading has-text-align-center\"><strong>H\u00e9bergement<\/strong><\/h2>\n\n\n\n<p class=\"has-text-align-left\"><strong>Composition:<\/strong><\/p>\n\n\n\n<ul class=\"wp-block-list\">\n<li>Une maison principale 6 chambres 15 couhages.<\/li>\n\n\n\n<li>Une roulotte 2 chambres soit 6 couchages.<\/li>\n\n\n\n<li>Deux chalets 3 chambres soit 8 couchages chacun.<\/li>\n<\/ul>\n\n\n<div class=\"wp-block-image\">\n<figure class=\"aligncenter size-large\"><img loading=\"lazy\" decoding=\"async\" width=\"299\" height=\"347\" src=\"https:\/\/domainedelabassemarche.fr\/wp-content\/uploads\/2026\/02\/composition-pepe-1.png\" alt=\"\" class=\"wp-image-327\" srcset=\"https:\/\/domainedelabassemarche.fr\/wp-content\/uploads\/2026\/02\/composition-pepe-1.png 299w, https:\/\/domainedelabassemarche.fr\/wp-content\/uploads\/2026\/02\/composition-pepe-1-259x300.png 259w\" sizes=\"auto, (max-width: 299px) 100vw, 299px\" \/><\/figure>\n<\/div>\n\n\n<p><strong>Equipements:<\/strong><\/p>\n\n\n\n<ul class=\"wp-block-list\">\n<li>2 salles \u00e0 manger (1 cahute)<\/li>\n\n\n\n<li>1 salon<\/li>\n\n\n\n<li>2 TV<\/li>\n\n\n\n<li>5 WC<\/li>\n\n\n\n<li>4 salles de douches<\/li>\n\n\n\n<li>1 salle de bain<\/li>\n\n\n\n<li>3 r\u00e9frig\u00e9rateurs<\/li>\n\n\n\n<li>1 cong\u00e9lateur<\/li>\n\n\n\n<li>2 lave-vaiselle<\/li>\n\n\n\n<li>1 lave-linge<\/li>\n\n\n\n<li>1 piscine et jardin privatif<\/li>\n<\/ul>\n\n\n\n<p><\/p>\n\n\n\n<figure class=\"wp-block-gallery has-nested-images columns-default is-cropped wp-block-gallery-1 is-layout-flex wp-block-gallery-is-layout-flex\">\n<figure class=\"wp-block-image size-large\"><img loading=\"lazy\" decoding=\"async\" width=\"604\" height=\"352\" data-id=\"86\" src=\"https:\/\/domainedelabassemarche.fr\/wp-content\/uploads\/2025\/01\/Photo-Pepe-Jean.png\" alt=\"\" class=\"wp-image-86\" srcset=\"https:\/\/domainedelabassemarche.fr\/wp-content\/uploads\/2025\/01\/Photo-Pepe-Jean.png 604w, https:\/\/domainedelabassemarche.fr\/wp-content\/uploads\/2025\/01\/Photo-Pepe-Jean-300x175.png 300w\" sizes=\"auto, (max-width: 604px) 100vw, 604px\" \/><\/figure>\n<\/figure>\n\n\n\n<p class=\"has-text-align-center\"><br><br><strong><br>Bienvenue pour un s\u00e9jour au calme, et \u00e0 la d\u00e9couverte de notre terroir.<\/strong><\/p>\n","protected":false},"excerpt":{"rendered":"<p>LE GITE B\u00e2tisse Typique des Fermes Limousines RDC + 2 Etages un Grand s\u00e9jour Cuisine de 30 M2 un Salon avec Bar et Chemin\u00e9e de 28 M2 Jardin de 250 M2 Patio et Cuisine Bar Ext toutes saisons plancha, barbecue, mobilier tables et chaises. Le Clos + Espace \u00ab La Cahute \u00bb Terrain attenant au [&hellip;]<\/p>\n","protected":false},"author":1,"featured_media":0,"parent":0,"menu_order":0,"comment_status":"closed","ping_status":"closed","template":"","meta":{"footnotes":""},"class_list":["post-84","page","type-page","status-publish","hentry"],"yoast_head":"<!-- This site is optimized with the Yoast SEO plugin v27.0 - https:\/\/yoast.com\/product\/yoast-seo-wordpress\/ -->\n<title>Gite Le Clos P\u00e9p\u00e9 Jean - Domaine de la Basse Marche<\/title>\n<meta name=\"robots\" content=\"index, follow, max-snippet:-1, max-image-preview:large, max-video-preview:-1\" \/>\n<link rel=\"canonical\" href=\"https:\/\/domainedelabassemarche.fr\/?page_id=84\" \/>\n<meta property=\"og:locale\" content=\"fr_FR\" \/>\n<meta property=\"og:type\" content=\"article\" \/>\n<meta property=\"og:title\" content=\"Gite Le Clos P\u00e9p\u00e9 Jean - Domaine de la Basse Marche\" \/>\n<meta property=\"og:description\" content=\"LE GITE B\u00e2tisse Typique des Fermes Limousines RDC + 2 Etages un Grand s\u00e9jour Cuisine de 30 M2 un Salon avec Bar et Chemin\u00e9e de 28 M2 Jardin de 250 M2 Patio et Cuisine Bar Ext toutes saisons plancha, barbecue, mobilier tables et chaises. Le Clos + Espace \u00ab La Cahute \u00bb Terrain attenant au [&hellip;]\" \/>\n<meta property=\"og:url\" content=\"https:\/\/domainedelabassemarche.fr\/?page_id=84\" \/>\n<meta property=\"og:site_name\" content=\"Domaine de la Basse Marche\" \/>\n<meta property=\"article:modified_time\" content=\"2026-02-19T19:50:32+00:00\" \/>\n<meta property=\"og:image\" content=\"https:\/\/domainedelabassemarche.fr\/wp-content\/uploads\/2025\/01\/Logo-pepe.jpg\" \/>\n\t<meta property=\"og:image:width\" content=\"673\" \/>\n\t<meta property=\"og:image:height\" content=\"545\" \/>\n\t<meta property=\"og:image:type\" content=\"image\/jpeg\" \/>\n<meta name=\"twitter:card\" content=\"summary_large_image\" \/>\n<meta name=\"twitter:label1\" content=\"Dur\u00e9e de lecture estim\u00e9e\" \/>\n\t<meta name=\"twitter:data1\" content=\"2 minutes\" \/>\n<script type=\"application\/ld+json\" class=\"yoast-schema-graph\">{\"@context\":\"https:\/\/schema.org\",\"@graph\":[{\"@type\":\"WebPage\",\"@id\":\"https:\/\/domainedelabassemarche.fr\/?page_id=84\",\"url\":\"https:\/\/domainedelabassemarche.fr\/?page_id=84\",\"name\":\"Gite Le Clos P\u00e9p\u00e9 Jean - Domaine de la Basse Marche\",\"isPartOf\":{\"@id\":\"https:\/\/domainedelabassemarche.fr\/#website\"},\"primaryImageOfPage\":{\"@id\":\"https:\/\/domainedelabassemarche.fr\/?page_id=84#primaryimage\"},\"image\":{\"@id\":\"https:\/\/domainedelabassemarche.fr\/?page_id=84#primaryimage\"},\"thumbnailUrl\":\"http:\/\/domainedelabassemarche.fr\/wp-content\/uploads\/2025\/01\/Logo-pepe.jpg\",\"datePublished\":\"2025-01-25T07:59:19+00:00\",\"dateModified\":\"2026-02-19T19:50:32+00:00\",\"breadcrumb\":{\"@id\":\"https:\/\/domainedelabassemarche.fr\/?page_id=84#breadcrumb\"},\"inLanguage\":\"fr-FR\",\"potentialAction\":[{\"@type\":\"ReadAction\",\"target\":[\"https:\/\/domainedelabassemarche.fr\/?page_id=84\"]}]},{\"@type\":\"ImageObject\",\"inLanguage\":\"fr-FR\",\"@id\":\"https:\/\/domainedelabassemarche.fr\/?page_id=84#primaryimage\",\"url\":\"https:\/\/domainedelabassemarche.fr\/wp-content\/uploads\/2025\/01\/Logo-pepe.jpg\",\"contentUrl\":\"https:\/\/domainedelabassemarche.fr\/wp-content\/uploads\/2025\/01\/Logo-pepe.jpg\",\"width\":673,\"height\":545},{\"@type\":\"BreadcrumbList\",\"@id\":\"https:\/\/domainedelabassemarche.fr\/?page_id=84#breadcrumb\",\"itemListElement\":[{\"@type\":\"ListItem\",\"position\":1,\"name\":\"Accueil\",\"item\":\"https:\/\/domainedelabassemarche.fr\/\"},{\"@type\":\"ListItem\",\"position\":2,\"name\":\"Gite Le Clos P\u00e9p\u00e9 Jean\"}]},{\"@type\":\"WebSite\",\"@id\":\"https:\/\/domainedelabassemarche.fr\/#website\",\"url\":\"https:\/\/domainedelabassemarche.fr\/\",\"name\":\"domainedelabasemarche.fr\",\"description\":\"\",\"alternateName\":\"domainedelabasemarche\",\"potentialAction\":[{\"@type\":\"SearchAction\",\"target\":{\"@type\":\"EntryPoint\",\"urlTemplate\":\"https:\/\/domainedelabassemarche.fr\/?s={search_term_string}\"},\"query-input\":{\"@type\":\"PropertyValueSpecification\",\"valueRequired\":true,\"valueName\":\"search_term_string\"}}],\"inLanguage\":\"fr-FR\"}]}<\/script>\n<!-- \/ Yoast SEO plugin. -->","yoast_head_json":{"title":"Gite Le Clos P\u00e9p\u00e9 Jean - Domaine de la Basse Marche","robots":{"index":"index","follow":"follow","max-snippet":"max-snippet:-1","max-image-preview":"max-image-preview:large","max-video-preview":"max-video-preview:-1"},"canonical":"https:\/\/domainedelabassemarche.fr\/?page_id=84","og_locale":"fr_FR","og_type":"article","og_title":"Gite Le Clos P\u00e9p\u00e9 Jean - Domaine de la Basse Marche","og_description":"LE GITE B\u00e2tisse Typique des Fermes Limousines RDC + 2 Etages un Grand s\u00e9jour Cuisine de 30 M2 un Salon avec Bar et Chemin\u00e9e de 28 M2 Jardin de 250 M2 Patio et Cuisine Bar Ext toutes saisons plancha, barbecue, mobilier tables et chaises. Le Clos + Espace \u00ab La Cahute \u00bb Terrain attenant au [&hellip;]","og_url":"https:\/\/domainedelabassemarche.fr\/?page_id=84","og_site_name":"Domaine de la Basse Marche","article_modified_time":"2026-02-19T19:50:32+00:00","og_image":[{"width":673,"height":545,"url":"https:\/\/domainedelabassemarche.fr\/wp-content\/uploads\/2025\/01\/Logo-pepe.jpg","type":"image\/jpeg"}],"twitter_card":"summary_large_image","twitter_misc":{"Dur\u00e9e de lecture estim\u00e9e":"2 minutes"},"schema":{"@context":"https:\/\/schema.org","@graph":[{"@type":"WebPage","@id":"https:\/\/domainedelabassemarche.fr\/?page_id=84","url":"https:\/\/domainedelabassemarche.fr\/?page_id=84","name":"Gite Le Clos P\u00e9p\u00e9 Jean - Domaine de la Basse Marche","isPartOf":{"@id":"https:\/\/domainedelabassemarche.fr\/#website"},"primaryImageOfPage":{"@id":"https:\/\/domainedelabassemarche.fr\/?page_id=84#primaryimage"},"image":{"@id":"https:\/\/domainedelabassemarche.fr\/?page_id=84#primaryimage"},"thumbnailUrl":"http:\/\/domainedelabassemarche.fr\/wp-content\/uploads\/2025\/01\/Logo-pepe.jpg","datePublished":"2025-01-25T07:59:19+00:00","dateModified":"2026-02-19T19:50:32+00:00","breadcrumb":{"@id":"https:\/\/domainedelabassemarche.fr\/?page_id=84#breadcrumb"},"inLanguage":"fr-FR","potentialAction":[{"@type":"ReadAction","target":["https:\/\/domainedelabassemarche.fr\/?page_id=84"]}]},{"@type":"ImageObject","inLanguage":"fr-FR","@id":"https:\/\/domainedelabassemarche.fr\/?page_id=84#primaryimage","url":"https:\/\/domainedelabassemarche.fr\/wp-content\/uploads\/2025\/01\/Logo-pepe.jpg","contentUrl":"https:\/\/domainedelabassemarche.fr\/wp-content\/uploads\/2025\/01\/Logo-pepe.jpg","width":673,"height":545},{"@type":"BreadcrumbList","@id":"https:\/\/domainedelabassemarche.fr\/?page_id=84#breadcrumb","itemListElement":[{"@type":"ListItem","position":1,"name":"Accueil","item":"https:\/\/domainedelabassemarche.fr\/"},{"@type":"ListItem","position":2,"name":"Gite Le Clos P\u00e9p\u00e9 Jean"}]},{"@type":"WebSite","@id":"https:\/\/domainedelabassemarche.fr\/#website","url":"https:\/\/domainedelabassemarche.fr\/","name":"domainedelabasemarche.fr","description":"","alternateName":"domainedelabasemarche","potentialAction":[{"@type":"SearchAction","target":{"@type":"EntryPoint","urlTemplate":"https:\/\/domainedelabassemarche.fr\/?s={search_term_string}"},"query-input":{"@type":"PropertyValueSpecification","valueRequired":true,"valueName":"search_term_string"}}],"inLanguage":"fr-FR"}]}},"_links":{"self":[{"href":"https:\/\/domainedelabassemarche.fr\/index.php?rest_route=\/wp\/v2\/pages\/84","targetHints":{"allow":["GET"]}}],"collection":[{"href":"https:\/\/domainedelabassemarche.fr\/index.php?rest_route=\/wp\/v2\/pages"}],"about":[{"href":"https:\/\/domainedelabassemarche.fr\/index.php?rest_route=\/wp\/v2\/types\/page"}],"author":[{"embeddable":true,"href":"https:\/\/domainedelabassemarche.fr\/index.php?rest_route=\/wp\/v2\/users\/1"}],"replies":[{"embeddable":true,"href":"https:\/\/domainedelabassemarche.fr\/index.php?rest_route=%2Fwp%2Fv2%2Fcomments&post=84"}],"version-history":[{"count":18,"href":"https:\/\/domainedelabassemarche.fr\/index.php?rest_route=\/wp\/v2\/pages\/84\/revisions"}],"predecessor-version":[{"id":337,"href":"https:\/\/domainedelabassemarche.fr\/index.php?rest_route=\/wp\/v2\/pages\/84\/revisions\/337"}],"wp:attachment":[{"href":"https:\/\/domainedelabassemarche.fr\/index.php?rest_route=%2Fwp%2Fv2%2Fmedia&parent=84"}],"curies":[{"name":"wp","href":"https:\/\/api.w.org\/{rel}","templated":true}]}}