{"id":303,"date":"2025-04-17T20:58:11","date_gmt":"2025-04-17T18:58:11","guid":{"rendered":"https:\/\/domainedelabassemarche.fr\/?page_id=303"},"modified":"2026-03-13T19:40:33","modified_gmt":"2026-03-13T18:40:33","slug":"la-polmeraie","status":"publish","type":"page","link":"https:\/\/domainedelabassemarche.fr\/?page_id=303","title":{"rendered":"La P\u00f4lmeraie"},"content":{"rendered":"<div class=\"wp-block-image\">\n<figure class=\"aligncenter size-full\"><img loading=\"lazy\" decoding=\"async\" width=\"730\" height=\"489\" src=\"http:\/\/domainedelabassemarche.fr\/wp-content\/uploads\/2025\/01\/logo-polmeraie.jpg\" alt=\"\" class=\"wp-image-111\" srcset=\"https:\/\/domainedelabassemarche.fr\/wp-content\/uploads\/2025\/01\/logo-polmeraie.jpg 730w, https:\/\/domainedelabassemarche.fr\/wp-content\/uploads\/2025\/01\/logo-polmeraie-300x201.jpg 300w\" sizes=\"auto, (max-width: 730px) 100vw, 730px\" \/><\/figure>\n<\/div>\n\n\n<p class=\"has-text-align-center\"><strong>La P\u00f4lmeraie concept village vous acceuille du 1er Avril au 15 Octobre<\/strong><\/p>\n\n\n\n<h2 class=\"wp-block-heading has-text-align-center\">Le G\u00eete Village<\/h2>\n\n\n\n<p>Village autonome avec h\u00e9bergement, avec 4 chalets tout confort, 1 espace tente 60 m2 \u00ab\u00a0Event Lodge\u00a0\u00bb avec mobiliercuisine BBQ plancha, frigo, vaisselle pour repas collectif, parking pour 15 v\u00e9hicules.<\/p>\n\n\n\n<div class=\"wp-block-columns is-layout-flex wp-container-core-columns-is-layout-9d6595d7 wp-block-columns-is-layout-flex\">\n<div class=\"wp-block-column is-layout-flow wp-block-column-is-layout-flow\">\n<p><strong>Composition :<\/strong><\/p>\n\n\n\n<ul class=\"wp-block-list\">\n<li>4 Chalets de P\u00eacheurs de 3 chambres soit 24 couchages<\/li>\n\n\n\n<li>4 Canap\u00e9s convertibles soit 8 couchages<\/li>\n\n\n\n<li>1 salle \u00e0 manger<\/li>\n\n\n\n<li>1 salon<\/li>\n\n\n\n<li>1 TV<\/li>\n\n\n\n<li>4 WC<\/li>\n\n\n\n<li>4 Salles douches<\/li>\n\n\n\n<li>5 R\u00e9fr\u00e9girateurs<\/li>\n\n\n\n<li>1 Cong\u00e9lateur<\/li>\n\n\n\n<li>1 Lave vaisselle <\/li>\n\n\n\n<li>1 Jacuzzi<\/li>\n\n\n\n<li>1 Piscine privative<\/li>\n\n\n\n<li>Espace jardin privatif de 500m2<\/li>\n<\/ul>\n<\/div>\n\n\n\n<div class=\"wp-block-column is-layout-flow wp-block-column-is-layout-flow\">\n<figure class=\"wp-block-image size-full is-resized\"><img loading=\"lazy\" decoding=\"async\" width=\"230\" height=\"197\" src=\"http:\/\/domainedelabassemarche.fr\/wp-content\/uploads\/2026\/03\/composition-la-polemeraie.png\" alt=\"\" class=\"wp-image-351\" style=\"aspect-ratio:1.1675778464463988;width:285px;height:auto\"\/><\/figure>\n<\/div>\n<\/div>\n\n\n\n<figure class=\"wp-block-gallery has-nested-images columns-default is-cropped wp-block-gallery-1 is-layout-flex wp-block-gallery-is-layout-flex\">\n<figure class=\"wp-block-image size-large\"><img loading=\"lazy\" decoding=\"async\" width=\"658\" height=\"491\" data-id=\"356\" src=\"https:\/\/domainedelabassemarche.fr\/wp-content\/uploads\/2026\/03\/photo-la-polemeraie.png\" alt=\"\" class=\"wp-image-356\" srcset=\"https:\/\/domainedelabassemarche.fr\/wp-content\/uploads\/2026\/03\/photo-la-polemeraie.png 658w, https:\/\/domainedelabassemarche.fr\/wp-content\/uploads\/2026\/03\/photo-la-polemeraie-300x224.png 300w\" sizes=\"auto, (max-width: 658px) 100vw, 658px\" \/><\/figure>\n<\/figure>\n","protected":false},"excerpt":{"rendered":"<p>La P\u00f4lmeraie concept village vous acceuille du 1er Avril au 15 Octobre Le G\u00eete Village Village autonome avec h\u00e9bergement, avec 4 chalets tout confort, 1 espace tente 60 m2 \u00ab\u00a0Event Lodge\u00a0\u00bb avec mobiliercuisine BBQ plancha, frigo, vaisselle pour repas collectif, parking pour 15 v\u00e9hicules. Composition :<\/p>\n","protected":false},"author":1,"featured_media":0,"parent":0,"menu_order":0,"comment_status":"closed","ping_status":"closed","template":"","meta":{"footnotes":""},"class_list":["post-303","page","type-page","status-publish","hentry"],"yoast_head":"<!-- This site is optimized with the Yoast SEO plugin v27.0 - https:\/\/yoast.com\/product\/yoast-seo-wordpress\/ -->\n<title>La P\u00f4lmeraie - Domaine de la Basse Marche<\/title>\n<meta name=\"robots\" content=\"index, follow, max-snippet:-1, max-image-preview:large, max-video-preview:-1\" \/>\n<link rel=\"canonical\" href=\"https:\/\/domainedelabassemarche.fr\/?page_id=303\" \/>\n<meta property=\"og:locale\" content=\"fr_FR\" \/>\n<meta property=\"og:type\" content=\"article\" \/>\n<meta property=\"og:title\" content=\"La P\u00f4lmeraie - Domaine de la Basse Marche\" \/>\n<meta property=\"og:description\" content=\"La P\u00f4lmeraie concept village vous acceuille du 1er Avril au 15 Octobre Le G\u00eete Village Village autonome avec h\u00e9bergement, avec 4 chalets tout confort, 1 espace tente 60 m2 \u00ab\u00a0Event Lodge\u00a0\u00bb avec mobiliercuisine BBQ plancha, frigo, vaisselle pour repas collectif, parking pour 15 v\u00e9hicules. Composition :\" \/>\n<meta property=\"og:url\" content=\"https:\/\/domainedelabassemarche.fr\/?page_id=303\" \/>\n<meta property=\"og:site_name\" content=\"Domaine de la Basse Marche\" \/>\n<meta property=\"article:modified_time\" content=\"2026-03-13T18:40:33+00:00\" \/>\n<meta property=\"og:image\" content=\"https:\/\/domainedelabassemarche.fr\/wp-content\/uploads\/2025\/01\/logo-polmeraie.jpg\" \/>\n\t<meta property=\"og:image:width\" content=\"730\" \/>\n\t<meta property=\"og:image:height\" content=\"489\" \/>\n\t<meta property=\"og:image:type\" content=\"image\/jpeg\" \/>\n<meta name=\"twitter:card\" content=\"summary_large_image\" \/>\n<meta name=\"twitter:label1\" content=\"Dur\u00e9e de lecture estim\u00e9e\" \/>\n\t<meta name=\"twitter:data1\" content=\"2 minutes\" \/>\n<script type=\"application\/ld+json\" class=\"yoast-schema-graph\">{\"@context\":\"https:\/\/schema.org\",\"@graph\":[{\"@type\":\"WebPage\",\"@id\":\"https:\/\/domainedelabassemarche.fr\/?page_id=303\",\"url\":\"https:\/\/domainedelabassemarche.fr\/?page_id=303\",\"name\":\"La P\u00f4lmeraie - Domaine de la Basse Marche\",\"isPartOf\":{\"@id\":\"https:\/\/domainedelabassemarche.fr\/#website\"},\"primaryImageOfPage\":{\"@id\":\"https:\/\/domainedelabassemarche.fr\/?page_id=303#primaryimage\"},\"image\":{\"@id\":\"https:\/\/domainedelabassemarche.fr\/?page_id=303#primaryimage\"},\"thumbnailUrl\":\"http:\/\/domainedelabassemarche.fr\/wp-content\/uploads\/2025\/01\/logo-polmeraie.jpg\",\"datePublished\":\"2025-04-17T18:58:11+00:00\",\"dateModified\":\"2026-03-13T18:40:33+00:00\",\"breadcrumb\":{\"@id\":\"https:\/\/domainedelabassemarche.fr\/?page_id=303#breadcrumb\"},\"inLanguage\":\"fr-FR\",\"potentialAction\":[{\"@type\":\"ReadAction\",\"target\":[\"https:\/\/domainedelabassemarche.fr\/?page_id=303\"]}]},{\"@type\":\"ImageObject\",\"inLanguage\":\"fr-FR\",\"@id\":\"https:\/\/domainedelabassemarche.fr\/?page_id=303#primaryimage\",\"url\":\"https:\/\/domainedelabassemarche.fr\/wp-content\/uploads\/2025\/01\/logo-polmeraie.jpg\",\"contentUrl\":\"https:\/\/domainedelabassemarche.fr\/wp-content\/uploads\/2025\/01\/logo-polmeraie.jpg\",\"width\":730,\"height\":489},{\"@type\":\"BreadcrumbList\",\"@id\":\"https:\/\/domainedelabassemarche.fr\/?page_id=303#breadcrumb\",\"itemListElement\":[{\"@type\":\"ListItem\",\"position\":1,\"name\":\"Accueil\",\"item\":\"https:\/\/domainedelabassemarche.fr\/\"},{\"@type\":\"ListItem\",\"position\":2,\"name\":\"La P\u00f4lmeraie\"}]},{\"@type\":\"WebSite\",\"@id\":\"https:\/\/domainedelabassemarche.fr\/#website\",\"url\":\"https:\/\/domainedelabassemarche.fr\/\",\"name\":\"domainedelabasemarche.fr\",\"description\":\"\",\"alternateName\":\"domainedelabasemarche\",\"potentialAction\":[{\"@type\":\"SearchAction\",\"target\":{\"@type\":\"EntryPoint\",\"urlTemplate\":\"https:\/\/domainedelabassemarche.fr\/?s={search_term_string}\"},\"query-input\":{\"@type\":\"PropertyValueSpecification\",\"valueRequired\":true,\"valueName\":\"search_term_string\"}}],\"inLanguage\":\"fr-FR\"}]}<\/script>\n<!-- \/ Yoast SEO plugin. -->","yoast_head_json":{"title":"La P\u00f4lmeraie - Domaine de la Basse Marche","robots":{"index":"index","follow":"follow","max-snippet":"max-snippet:-1","max-image-preview":"max-image-preview:large","max-video-preview":"max-video-preview:-1"},"canonical":"https:\/\/domainedelabassemarche.fr\/?page_id=303","og_locale":"fr_FR","og_type":"article","og_title":"La P\u00f4lmeraie - Domaine de la Basse Marche","og_description":"La P\u00f4lmeraie concept village vous acceuille du 1er Avril au 15 Octobre Le G\u00eete Village Village autonome avec h\u00e9bergement, avec 4 chalets tout confort, 1 espace tente 60 m2 \u00ab\u00a0Event Lodge\u00a0\u00bb avec mobiliercuisine BBQ plancha, frigo, vaisselle pour repas collectif, parking pour 15 v\u00e9hicules. Composition :","og_url":"https:\/\/domainedelabassemarche.fr\/?page_id=303","og_site_name":"Domaine de la Basse Marche","article_modified_time":"2026-03-13T18:40:33+00:00","og_image":[{"width":730,"height":489,"url":"https:\/\/domainedelabassemarche.fr\/wp-content\/uploads\/2025\/01\/logo-polmeraie.jpg","type":"image\/jpeg"}],"twitter_card":"summary_large_image","twitter_misc":{"Dur\u00e9e de lecture estim\u00e9e":"2 minutes"},"schema":{"@context":"https:\/\/schema.org","@graph":[{"@type":"WebPage","@id":"https:\/\/domainedelabassemarche.fr\/?page_id=303","url":"https:\/\/domainedelabassemarche.fr\/?page_id=303","name":"La P\u00f4lmeraie - Domaine de la Basse Marche","isPartOf":{"@id":"https:\/\/domainedelabassemarche.fr\/#website"},"primaryImageOfPage":{"@id":"https:\/\/domainedelabassemarche.fr\/?page_id=303#primaryimage"},"image":{"@id":"https:\/\/domainedelabassemarche.fr\/?page_id=303#primaryimage"},"thumbnailUrl":"http:\/\/domainedelabassemarche.fr\/wp-content\/uploads\/2025\/01\/logo-polmeraie.jpg","datePublished":"2025-04-17T18:58:11+00:00","dateModified":"2026-03-13T18:40:33+00:00","breadcrumb":{"@id":"https:\/\/domainedelabassemarche.fr\/?page_id=303#breadcrumb"},"inLanguage":"fr-FR","potentialAction":[{"@type":"ReadAction","target":["https:\/\/domainedelabassemarche.fr\/?page_id=303"]}]},{"@type":"ImageObject","inLanguage":"fr-FR","@id":"https:\/\/domainedelabassemarche.fr\/?page_id=303#primaryimage","url":"https:\/\/domainedelabassemarche.fr\/wp-content\/uploads\/2025\/01\/logo-polmeraie.jpg","contentUrl":"https:\/\/domainedelabassemarche.fr\/wp-content\/uploads\/2025\/01\/logo-polmeraie.jpg","width":730,"height":489},{"@type":"BreadcrumbList","@id":"https:\/\/domainedelabassemarche.fr\/?page_id=303#breadcrumb","itemListElement":[{"@type":"ListItem","position":1,"name":"Accueil","item":"https:\/\/domainedelabassemarche.fr\/"},{"@type":"ListItem","position":2,"name":"La P\u00f4lmeraie"}]},{"@type":"WebSite","@id":"https:\/\/domainedelabassemarche.fr\/#website","url":"https:\/\/domainedelabassemarche.fr\/","name":"domainedelabasemarche.fr","description":"","alternateName":"domainedelabasemarche","potentialAction":[{"@type":"SearchAction","target":{"@type":"EntryPoint","urlTemplate":"https:\/\/domainedelabassemarche.fr\/?s={search_term_string}"},"query-input":{"@type":"PropertyValueSpecification","valueRequired":true,"valueName":"search_term_string"}}],"inLanguage":"fr-FR"}]}},"_links":{"self":[{"href":"https:\/\/domainedelabassemarche.fr\/index.php?rest_route=\/wp\/v2\/pages\/303","targetHints":{"allow":["GET"]}}],"collection":[{"href":"https:\/\/domainedelabassemarche.fr\/index.php?rest_route=\/wp\/v2\/pages"}],"about":[{"href":"https:\/\/domainedelabassemarche.fr\/index.php?rest_route=\/wp\/v2\/types\/page"}],"author":[{"embeddable":true,"href":"https:\/\/domainedelabassemarche.fr\/index.php?rest_route=\/wp\/v2\/users\/1"}],"replies":[{"embeddable":true,"href":"https:\/\/domainedelabassemarche.fr\/index.php?rest_route=%2Fwp%2Fv2%2Fcomments&post=303"}],"version-history":[{"count":7,"href":"https:\/\/domainedelabassemarche.fr\/index.php?rest_route=\/wp\/v2\/pages\/303\/revisions"}],"predecessor-version":[{"id":358,"href":"https:\/\/domainedelabassemarche.fr\/index.php?rest_route=\/wp\/v2\/pages\/303\/revisions\/358"}],"wp:attachment":[{"href":"https:\/\/domainedelabassemarche.fr\/index.php?rest_route=%2Fwp%2Fv2%2Fmedia&parent=303"}],"curies":[{"name":"wp","href":"https:\/\/api.w.org\/{rel}","templated":true}]}}