{"id":188,"date":"2025-01-26T18:05:00","date_gmt":"2025-01-26T17:05:00","guid":{"rendered":"https:\/\/domainedelabassemarche.fr\/?page_id=188"},"modified":"2026-03-13T19:55:44","modified_gmt":"2026-03-13T18:55:44","slug":"espace-sport-et-jeux","status":"publish","type":"page","link":"https:\/\/domainedelabassemarche.fr\/?page_id=188","title":{"rendered":"Espace sport et jeux"},"content":{"rendered":"\n<p><\/p>\n\n\n\n<h2 class=\"wp-block-heading has-text-align-center\">Sur Place<\/h2>\n\n\n\n<p><strong>City Beach<\/strong> pour pratique, foot beach, basket beach, beach-volley, tennis beach&#8230;.<\/p>\n\n\n\n<p><strong>Le Grenn Park<\/strong>, espace ext\u00e9rieur semi-couvert &#8211; cardio musculation 12 postes, boulodrome ext\u00e9rieur, mini golf, piscine ext\u00e9rieur privatives (du 1er Mai au 30 Septembre), \u00e9tang privatif, vous pouvez organiser, tournois, entra\u00eenements, stages, team builing, randonn\u00e9e p\u00e9destres,  randonn\u00e9es v\u00e9lo ou VTT, chasse au tr\u00e9sor, d\u00e9couverte des monts de Blond, p\u00eache en rivi\u00e8re ou \u00e9tang&#8230;.<\/p>\n\n\n\n<figure class=\"wp-block-gallery has-nested-images columns-default is-cropped wp-block-gallery-1 is-layout-flex wp-block-gallery-is-layout-flex\">\n<figure class=\"wp-block-image size-large\"><img loading=\"lazy\" decoding=\"async\" width=\"630\" height=\"220\" data-id=\"361\" src=\"https:\/\/domainedelabassemarche.fr\/wp-content\/uploads\/2026\/03\/img-1.png\" alt=\"\" class=\"wp-image-361\" srcset=\"https:\/\/domainedelabassemarche.fr\/wp-content\/uploads\/2026\/03\/img-1.png 630w, https:\/\/domainedelabassemarche.fr\/wp-content\/uploads\/2026\/03\/img-1-300x105.png 300w\" sizes=\"auto, (max-width: 630px) 100vw, 630px\" \/><\/figure>\n<\/figure>\n\n\n\n<figure class=\"wp-block-gallery has-nested-images columns-default is-cropped wp-block-gallery-2 is-layout-flex wp-block-gallery-is-layout-flex\">\n<figure class=\"wp-block-image size-large\"><img loading=\"lazy\" decoding=\"async\" width=\"629\" height=\"328\" data-id=\"362\" src=\"https:\/\/domainedelabassemarche.fr\/wp-content\/uploads\/2026\/03\/img-2.png\" alt=\"\" class=\"wp-image-362\" srcset=\"https:\/\/domainedelabassemarche.fr\/wp-content\/uploads\/2026\/03\/img-2.png 629w, https:\/\/domainedelabassemarche.fr\/wp-content\/uploads\/2026\/03\/img-2-300x156.png 300w\" sizes=\"auto, (max-width: 629px) 100vw, 629px\" \/><\/figure>\n<\/figure>\n","protected":false},"excerpt":{"rendered":"<p>Sur Place City Beach pour pratique, foot beach, basket beach, beach-volley, tennis beach&#8230;. Le Grenn Park, espace ext\u00e9rieur semi-couvert &#8211; cardio musculation 12 postes, boulodrome ext\u00e9rieur, mini golf, piscine ext\u00e9rieur privatives (du 1er Mai au 30 Septembre), \u00e9tang privatif, vous pouvez organiser, tournois, entra\u00eenements, stages, team builing, randonn\u00e9e p\u00e9destres, randonn\u00e9es v\u00e9lo ou VTT, chasse au [&hellip;]<\/p>\n","protected":false},"author":1,"featured_media":0,"parent":0,"menu_order":0,"comment_status":"closed","ping_status":"closed","template":"","meta":{"footnotes":""},"class_list":["post-188","page","type-page","status-publish","hentry"],"yoast_head":"<!-- This site is optimized with the Yoast SEO plugin v27.0 - https:\/\/yoast.com\/product\/yoast-seo-wordpress\/ -->\n<title>Espace sport et jeux - Domaine de la Basse Marche<\/title>\n<meta name=\"robots\" content=\"index, follow, max-snippet:-1, max-image-preview:large, max-video-preview:-1\" \/>\n<link rel=\"canonical\" href=\"https:\/\/domainedelabassemarche.fr\/?page_id=188\" \/>\n<meta property=\"og:locale\" content=\"fr_FR\" \/>\n<meta property=\"og:type\" content=\"article\" \/>\n<meta property=\"og:title\" content=\"Espace sport et jeux - Domaine de la Basse Marche\" \/>\n<meta property=\"og:description\" content=\"Sur Place City Beach pour pratique, foot beach, basket beach, beach-volley, tennis beach&#8230;. Le Grenn Park, espace ext\u00e9rieur semi-couvert &#8211; cardio musculation 12 postes, boulodrome ext\u00e9rieur, mini golf, piscine ext\u00e9rieur privatives (du 1er Mai au 30 Septembre), \u00e9tang privatif, vous pouvez organiser, tournois, entra\u00eenements, stages, team builing, randonn\u00e9e p\u00e9destres, randonn\u00e9es v\u00e9lo ou VTT, chasse au [&hellip;]\" \/>\n<meta property=\"og:url\" content=\"https:\/\/domainedelabassemarche.fr\/?page_id=188\" \/>\n<meta property=\"og:site_name\" content=\"Domaine de la Basse Marche\" \/>\n<meta property=\"article:modified_time\" content=\"2026-03-13T18:55:44+00:00\" \/>\n<meta property=\"og:image\" content=\"https:\/\/domainedelabassemarche.fr\/wp-content\/uploads\/2026\/03\/img-1.png\" \/>\n\t<meta property=\"og:image:width\" content=\"630\" \/>\n\t<meta property=\"og:image:height\" content=\"220\" \/>\n\t<meta property=\"og:image:type\" content=\"image\/png\" \/>\n<meta name=\"twitter:card\" content=\"summary_large_image\" \/>\n<meta name=\"twitter:label1\" content=\"Dur\u00e9e de lecture estim\u00e9e\" \/>\n\t<meta name=\"twitter:data1\" content=\"1 minute\" \/>\n<script type=\"application\/ld+json\" class=\"yoast-schema-graph\">{\"@context\":\"https:\/\/schema.org\",\"@graph\":[{\"@type\":\"WebPage\",\"@id\":\"https:\/\/domainedelabassemarche.fr\/?page_id=188\",\"url\":\"https:\/\/domainedelabassemarche.fr\/?page_id=188\",\"name\":\"Espace sport et jeux - Domaine de la Basse Marche\",\"isPartOf\":{\"@id\":\"https:\/\/domainedelabassemarche.fr\/#website\"},\"primaryImageOfPage\":{\"@id\":\"https:\/\/domainedelabassemarche.fr\/?page_id=188#primaryimage\"},\"image\":{\"@id\":\"https:\/\/domainedelabassemarche.fr\/?page_id=188#primaryimage\"},\"thumbnailUrl\":\"https:\/\/domainedelabassemarche.fr\/wp-content\/uploads\/2026\/03\/img-1.png\",\"datePublished\":\"2025-01-26T17:05:00+00:00\",\"dateModified\":\"2026-03-13T18:55:44+00:00\",\"breadcrumb\":{\"@id\":\"https:\/\/domainedelabassemarche.fr\/?page_id=188#breadcrumb\"},\"inLanguage\":\"fr-FR\",\"potentialAction\":[{\"@type\":\"ReadAction\",\"target\":[\"https:\/\/domainedelabassemarche.fr\/?page_id=188\"]}]},{\"@type\":\"ImageObject\",\"inLanguage\":\"fr-FR\",\"@id\":\"https:\/\/domainedelabassemarche.fr\/?page_id=188#primaryimage\",\"url\":\"https:\/\/domainedelabassemarche.fr\/wp-content\/uploads\/2026\/03\/img-1.png\",\"contentUrl\":\"https:\/\/domainedelabassemarche.fr\/wp-content\/uploads\/2026\/03\/img-1.png\",\"width\":630,\"height\":220},{\"@type\":\"BreadcrumbList\",\"@id\":\"https:\/\/domainedelabassemarche.fr\/?page_id=188#breadcrumb\",\"itemListElement\":[{\"@type\":\"ListItem\",\"position\":1,\"name\":\"Accueil\",\"item\":\"https:\/\/domainedelabassemarche.fr\/\"},{\"@type\":\"ListItem\",\"position\":2,\"name\":\"Espace sport et jeux\"}]},{\"@type\":\"WebSite\",\"@id\":\"https:\/\/domainedelabassemarche.fr\/#website\",\"url\":\"https:\/\/domainedelabassemarche.fr\/\",\"name\":\"domainedelabasemarche.fr\",\"description\":\"\",\"alternateName\":\"domainedelabasemarche\",\"potentialAction\":[{\"@type\":\"SearchAction\",\"target\":{\"@type\":\"EntryPoint\",\"urlTemplate\":\"https:\/\/domainedelabassemarche.fr\/?s={search_term_string}\"},\"query-input\":{\"@type\":\"PropertyValueSpecification\",\"valueRequired\":true,\"valueName\":\"search_term_string\"}}],\"inLanguage\":\"fr-FR\"}]}<\/script>\n<!-- \/ Yoast SEO plugin. -->","yoast_head_json":{"title":"Espace sport et jeux - Domaine de la Basse Marche","robots":{"index":"index","follow":"follow","max-snippet":"max-snippet:-1","max-image-preview":"max-image-preview:large","max-video-preview":"max-video-preview:-1"},"canonical":"https:\/\/domainedelabassemarche.fr\/?page_id=188","og_locale":"fr_FR","og_type":"article","og_title":"Espace sport et jeux - Domaine de la Basse Marche","og_description":"Sur Place City Beach pour pratique, foot beach, basket beach, beach-volley, tennis beach&#8230;. Le Grenn Park, espace ext\u00e9rieur semi-couvert &#8211; cardio musculation 12 postes, boulodrome ext\u00e9rieur, mini golf, piscine ext\u00e9rieur privatives (du 1er Mai au 30 Septembre), \u00e9tang privatif, vous pouvez organiser, tournois, entra\u00eenements, stages, team builing, randonn\u00e9e p\u00e9destres, randonn\u00e9es v\u00e9lo ou VTT, chasse au [&hellip;]","og_url":"https:\/\/domainedelabassemarche.fr\/?page_id=188","og_site_name":"Domaine de la Basse Marche","article_modified_time":"2026-03-13T18:55:44+00:00","og_image":[{"width":630,"height":220,"url":"https:\/\/domainedelabassemarche.fr\/wp-content\/uploads\/2026\/03\/img-1.png","type":"image\/png"}],"twitter_card":"summary_large_image","twitter_misc":{"Dur\u00e9e de lecture estim\u00e9e":"1 minute"},"schema":{"@context":"https:\/\/schema.org","@graph":[{"@type":"WebPage","@id":"https:\/\/domainedelabassemarche.fr\/?page_id=188","url":"https:\/\/domainedelabassemarche.fr\/?page_id=188","name":"Espace sport et jeux - Domaine de la Basse Marche","isPartOf":{"@id":"https:\/\/domainedelabassemarche.fr\/#website"},"primaryImageOfPage":{"@id":"https:\/\/domainedelabassemarche.fr\/?page_id=188#primaryimage"},"image":{"@id":"https:\/\/domainedelabassemarche.fr\/?page_id=188#primaryimage"},"thumbnailUrl":"https:\/\/domainedelabassemarche.fr\/wp-content\/uploads\/2026\/03\/img-1.png","datePublished":"2025-01-26T17:05:00+00:00","dateModified":"2026-03-13T18:55:44+00:00","breadcrumb":{"@id":"https:\/\/domainedelabassemarche.fr\/?page_id=188#breadcrumb"},"inLanguage":"fr-FR","potentialAction":[{"@type":"ReadAction","target":["https:\/\/domainedelabassemarche.fr\/?page_id=188"]}]},{"@type":"ImageObject","inLanguage":"fr-FR","@id":"https:\/\/domainedelabassemarche.fr\/?page_id=188#primaryimage","url":"https:\/\/domainedelabassemarche.fr\/wp-content\/uploads\/2026\/03\/img-1.png","contentUrl":"https:\/\/domainedelabassemarche.fr\/wp-content\/uploads\/2026\/03\/img-1.png","width":630,"height":220},{"@type":"BreadcrumbList","@id":"https:\/\/domainedelabassemarche.fr\/?page_id=188#breadcrumb","itemListElement":[{"@type":"ListItem","position":1,"name":"Accueil","item":"https:\/\/domainedelabassemarche.fr\/"},{"@type":"ListItem","position":2,"name":"Espace sport et jeux"}]},{"@type":"WebSite","@id":"https:\/\/domainedelabassemarche.fr\/#website","url":"https:\/\/domainedelabassemarche.fr\/","name":"domainedelabasemarche.fr","description":"","alternateName":"domainedelabasemarche","potentialAction":[{"@type":"SearchAction","target":{"@type":"EntryPoint","urlTemplate":"https:\/\/domainedelabassemarche.fr\/?s={search_term_string}"},"query-input":{"@type":"PropertyValueSpecification","valueRequired":true,"valueName":"search_term_string"}}],"inLanguage":"fr-FR"}]}},"_links":{"self":[{"href":"https:\/\/domainedelabassemarche.fr\/index.php?rest_route=\/wp\/v2\/pages\/188","targetHints":{"allow":["GET"]}}],"collection":[{"href":"https:\/\/domainedelabassemarche.fr\/index.php?rest_route=\/wp\/v2\/pages"}],"about":[{"href":"https:\/\/domainedelabassemarche.fr\/index.php?rest_route=\/wp\/v2\/types\/page"}],"author":[{"embeddable":true,"href":"https:\/\/domainedelabassemarche.fr\/index.php?rest_route=\/wp\/v2\/users\/1"}],"replies":[{"embeddable":true,"href":"https:\/\/domainedelabassemarche.fr\/index.php?rest_route=%2Fwp%2Fv2%2Fcomments&post=188"}],"version-history":[{"count":3,"href":"https:\/\/domainedelabassemarche.fr\/index.php?rest_route=\/wp\/v2\/pages\/188\/revisions"}],"predecessor-version":[{"id":363,"href":"https:\/\/domainedelabassemarche.fr\/index.php?rest_route=\/wp\/v2\/pages\/188\/revisions\/363"}],"wp:attachment":[{"href":"https:\/\/domainedelabassemarche.fr\/index.php?rest_route=%2Fwp%2Fv2%2Fmedia&parent=188"}],"curies":[{"name":"wp","href":"https:\/\/api.w.org\/{rel}","templated":true}]}}