{"id":172,"date":"2025-01-25T17:38:35","date_gmt":"2025-01-25T16:38:35","guid":{"rendered":"http:\/\/domainedelabassemarche.fr\/?page_id=172"},"modified":"2025-01-25T17:42:39","modified_gmt":"2025-01-25T16:42:39","slug":"gites-de-groupes-eco-responsable-engages","status":"publish","type":"page","link":"https:\/\/domainedelabassemarche.fr\/?page_id=172","title":{"rendered":"Nos G\u00eetes"},"content":{"rendered":"\n<p><strong>                   G\u00eetes de groupes Eco-responsables engag\u00e9s<\/strong><\/p>\n\n\n\n<p>                           <strong>  <\/strong> <br> ouhaitant contribuer au Tourisme \u00e9co-reponsable tous les projets et d\u00e9veloppements de notre domaine<br>s\u2019inscrivent dans cette d\u00e9marche.<br>Utilisation de Produits Biod\u00e9gradables, d\u00e9sinfection p\u00e9riodique m\u00e9ticuleuse pour pr\u00e9vention d\u2019insectes<br>nuisibles. V\u00e9hicule du services entretien du domaine \u00e9lectrique (z\u00e9ro \u00e9mission) , Chauffage Bio masse<br>(Granul\u00e9 bois ou bois), Panneaux Solaires (Gestions quasi autonome de l\u2019\u00e9nergie de Avril \u00e0 octobre),<br>R\u00e9cup\u00e9ration et gestion eau pluviale, Composteur Collectif (Gestion de d\u00e9chets), Mat\u00e9riels d\u2019entretien<br>espace vert \u00e9lectrique (hors gros mat\u00e9riels tonte et \u00e9lagage).<br>Autant de contribution \u00e0 la pr\u00e9servation de notre environnement ainsi qu\u2019\u00e0 la gestion de nos ressources.<br>Merci de nous aider \u00e0 contribuer dans cette d\u00e9marche.<\/p>\n","protected":false},"excerpt":{"rendered":"<p>G\u00eetes de groupes Eco-responsables engag\u00e9s ouhaitant contribuer au Tourisme \u00e9co-reponsable tous les projets et d\u00e9veloppements de notre domaines\u2019inscrivent dans cette d\u00e9marche.Utilisation de Produits Biod\u00e9gradables, d\u00e9sinfection p\u00e9riodique m\u00e9ticuleuse pour pr\u00e9vention d\u2019insectesnuisibles. V\u00e9hicule du services entretien du domaine \u00e9lectrique (z\u00e9ro \u00e9mission) , Chauffage Bio masse(Granul\u00e9 bois ou bois), Panneaux Solaires (Gestions quasi autonome de l\u2019\u00e9nergie de Avril [&hellip;]<\/p>\n","protected":false},"author":1,"featured_media":0,"parent":0,"menu_order":0,"comment_status":"closed","ping_status":"closed","template":"","meta":{"footnotes":""},"class_list":["post-172","page","type-page","status-publish","hentry"],"yoast_head":"<!-- This site is optimized with the Yoast SEO plugin v27.0 - https:\/\/yoast.com\/product\/yoast-seo-wordpress\/ -->\n<title>Nos G\u00eetes - Domaine de la Basse Marche<\/title>\n<meta name=\"robots\" content=\"index, follow, max-snippet:-1, max-image-preview:large, max-video-preview:-1\" \/>\n<link rel=\"canonical\" href=\"https:\/\/domainedelabassemarche.fr\/?page_id=172\" \/>\n<meta property=\"og:locale\" content=\"fr_FR\" \/>\n<meta property=\"og:type\" content=\"article\" \/>\n<meta property=\"og:title\" content=\"Nos G\u00eetes - Domaine de la Basse Marche\" \/>\n<meta property=\"og:description\" content=\"G\u00eetes de groupes Eco-responsables engag\u00e9s ouhaitant contribuer au Tourisme \u00e9co-reponsable tous les projets et d\u00e9veloppements de notre domaines\u2019inscrivent dans cette d\u00e9marche.Utilisation de Produits Biod\u00e9gradables, d\u00e9sinfection p\u00e9riodique m\u00e9ticuleuse pour pr\u00e9vention d\u2019insectesnuisibles. V\u00e9hicule du services entretien du domaine \u00e9lectrique (z\u00e9ro \u00e9mission) , Chauffage Bio masse(Granul\u00e9 bois ou bois), Panneaux Solaires (Gestions quasi autonome de l\u2019\u00e9nergie de Avril [&hellip;]\" \/>\n<meta property=\"og:url\" content=\"https:\/\/domainedelabassemarche.fr\/?page_id=172\" \/>\n<meta property=\"og:site_name\" content=\"Domaine de la Basse Marche\" \/>\n<meta property=\"article:modified_time\" content=\"2025-01-25T16:42:39+00:00\" \/>\n<meta name=\"twitter:card\" content=\"summary_large_image\" \/>\n<meta name=\"twitter:label1\" content=\"Dur\u00e9e de lecture estim\u00e9e\" \/>\n\t<meta name=\"twitter:data1\" content=\"1 minute\" \/>\n<script type=\"application\/ld+json\" class=\"yoast-schema-graph\">{\"@context\":\"https:\/\/schema.org\",\"@graph\":[{\"@type\":\"WebPage\",\"@id\":\"https:\/\/domainedelabassemarche.fr\/?page_id=172\",\"url\":\"https:\/\/domainedelabassemarche.fr\/?page_id=172\",\"name\":\"Nos G\u00eetes - Domaine de la Basse Marche\",\"isPartOf\":{\"@id\":\"https:\/\/domainedelabassemarche.fr\/#website\"},\"datePublished\":\"2025-01-25T16:38:35+00:00\",\"dateModified\":\"2025-01-25T16:42:39+00:00\",\"breadcrumb\":{\"@id\":\"https:\/\/domainedelabassemarche.fr\/?page_id=172#breadcrumb\"},\"inLanguage\":\"fr-FR\",\"potentialAction\":[{\"@type\":\"ReadAction\",\"target\":[\"https:\/\/domainedelabassemarche.fr\/?page_id=172\"]}]},{\"@type\":\"BreadcrumbList\",\"@id\":\"https:\/\/domainedelabassemarche.fr\/?page_id=172#breadcrumb\",\"itemListElement\":[{\"@type\":\"ListItem\",\"position\":1,\"name\":\"Accueil\",\"item\":\"https:\/\/domainedelabassemarche.fr\/\"},{\"@type\":\"ListItem\",\"position\":2,\"name\":\"Nos G\u00eetes\"}]},{\"@type\":\"WebSite\",\"@id\":\"https:\/\/domainedelabassemarche.fr\/#website\",\"url\":\"https:\/\/domainedelabassemarche.fr\/\",\"name\":\"domainedelabasemarche.fr\",\"description\":\"\",\"alternateName\":\"domainedelabasemarche\",\"potentialAction\":[{\"@type\":\"SearchAction\",\"target\":{\"@type\":\"EntryPoint\",\"urlTemplate\":\"https:\/\/domainedelabassemarche.fr\/?s={search_term_string}\"},\"query-input\":{\"@type\":\"PropertyValueSpecification\",\"valueRequired\":true,\"valueName\":\"search_term_string\"}}],\"inLanguage\":\"fr-FR\"}]}<\/script>\n<!-- \/ Yoast SEO plugin. -->","yoast_head_json":{"title":"Nos G\u00eetes - Domaine de la Basse Marche","robots":{"index":"index","follow":"follow","max-snippet":"max-snippet:-1","max-image-preview":"max-image-preview:large","max-video-preview":"max-video-preview:-1"},"canonical":"https:\/\/domainedelabassemarche.fr\/?page_id=172","og_locale":"fr_FR","og_type":"article","og_title":"Nos G\u00eetes - Domaine de la Basse Marche","og_description":"G\u00eetes de groupes Eco-responsables engag\u00e9s ouhaitant contribuer au Tourisme \u00e9co-reponsable tous les projets et d\u00e9veloppements de notre domaines\u2019inscrivent dans cette d\u00e9marche.Utilisation de Produits Biod\u00e9gradables, d\u00e9sinfection p\u00e9riodique m\u00e9ticuleuse pour pr\u00e9vention d\u2019insectesnuisibles. V\u00e9hicule du services entretien du domaine \u00e9lectrique (z\u00e9ro \u00e9mission) , Chauffage Bio masse(Granul\u00e9 bois ou bois), Panneaux Solaires (Gestions quasi autonome de l\u2019\u00e9nergie de Avril [&hellip;]","og_url":"https:\/\/domainedelabassemarche.fr\/?page_id=172","og_site_name":"Domaine de la Basse Marche","article_modified_time":"2025-01-25T16:42:39+00:00","twitter_card":"summary_large_image","twitter_misc":{"Dur\u00e9e de lecture estim\u00e9e":"1 minute"},"schema":{"@context":"https:\/\/schema.org","@graph":[{"@type":"WebPage","@id":"https:\/\/domainedelabassemarche.fr\/?page_id=172","url":"https:\/\/domainedelabassemarche.fr\/?page_id=172","name":"Nos G\u00eetes - Domaine de la Basse Marche","isPartOf":{"@id":"https:\/\/domainedelabassemarche.fr\/#website"},"datePublished":"2025-01-25T16:38:35+00:00","dateModified":"2025-01-25T16:42:39+00:00","breadcrumb":{"@id":"https:\/\/domainedelabassemarche.fr\/?page_id=172#breadcrumb"},"inLanguage":"fr-FR","potentialAction":[{"@type":"ReadAction","target":["https:\/\/domainedelabassemarche.fr\/?page_id=172"]}]},{"@type":"BreadcrumbList","@id":"https:\/\/domainedelabassemarche.fr\/?page_id=172#breadcrumb","itemListElement":[{"@type":"ListItem","position":1,"name":"Accueil","item":"https:\/\/domainedelabassemarche.fr\/"},{"@type":"ListItem","position":2,"name":"Nos G\u00eetes"}]},{"@type":"WebSite","@id":"https:\/\/domainedelabassemarche.fr\/#website","url":"https:\/\/domainedelabassemarche.fr\/","name":"domainedelabasemarche.fr","description":"","alternateName":"domainedelabasemarche","potentialAction":[{"@type":"SearchAction","target":{"@type":"EntryPoint","urlTemplate":"https:\/\/domainedelabassemarche.fr\/?s={search_term_string}"},"query-input":{"@type":"PropertyValueSpecification","valueRequired":true,"valueName":"search_term_string"}}],"inLanguage":"fr-FR"}]}},"_links":{"self":[{"href":"https:\/\/domainedelabassemarche.fr\/index.php?rest_route=\/wp\/v2\/pages\/172","targetHints":{"allow":["GET"]}}],"collection":[{"href":"https:\/\/domainedelabassemarche.fr\/index.php?rest_route=\/wp\/v2\/pages"}],"about":[{"href":"https:\/\/domainedelabassemarche.fr\/index.php?rest_route=\/wp\/v2\/types\/page"}],"author":[{"embeddable":true,"href":"https:\/\/domainedelabassemarche.fr\/index.php?rest_route=\/wp\/v2\/users\/1"}],"replies":[{"embeddable":true,"href":"https:\/\/domainedelabassemarche.fr\/index.php?rest_route=%2Fwp%2Fv2%2Fcomments&post=172"}],"version-history":[{"count":4,"href":"https:\/\/domainedelabassemarche.fr\/index.php?rest_route=\/wp\/v2\/pages\/172\/revisions"}],"predecessor-version":[{"id":177,"href":"https:\/\/domainedelabassemarche.fr\/index.php?rest_route=\/wp\/v2\/pages\/172\/revisions\/177"}],"wp:attachment":[{"href":"https:\/\/domainedelabassemarche.fr\/index.php?rest_route=%2Fwp%2Fv2%2Fmedia&parent=172"}],"curies":[{"name":"wp","href":"https:\/\/api.w.org\/{rel}","templated":true}]}}