{"id":149,"date":"2025-01-25T16:55:51","date_gmt":"2025-01-25T15:55:51","guid":{"rendered":"http:\/\/domainedelabassemarche.fr\/?page_id=149"},"modified":"2026-02-19T20:39:36","modified_gmt":"2026-02-19T19:39:36","slug":"la-victorine","status":"publish","type":"page","link":"https:\/\/domainedelabassemarche.fr\/?page_id=149","title":{"rendered":"La Victorine"},"content":{"rendered":"<div class=\"wp-block-image\">\n<figure class=\"aligncenter size-full is-resized\"><img loading=\"lazy\" decoding=\"async\" width=\"263\" height=\"239\" src=\"http:\/\/domainedelabassemarche.fr\/wp-content\/uploads\/2025\/01\/Logo-Victorine.png\" alt=\"\" class=\"wp-image-156\" style=\"width:353px;height:auto\"\/><\/figure>\n<\/div>\n\n\n<h2 class=\"wp-block-heading has-text-align-center\"><strong>Le G\u00eete<\/strong><\/h2>\n\n\n\n<p class=\"has-text-align-center\">La Victorine + La P&rsquo;tite Victorine \u00bb Grande Fermette Limousine<br>RDC + 1 Etage Une grande Cuisine + s\u00e9jour en enfilade 45 M2<br>Un Salon de 25 M2 avec canap\u00e9s<br>Terrasse de 24 M2 Cuisine Bar Ext avec salon toutes saisons<br>enti\u00e8rement \u00e9quip\u00e9e 35 M2<br>Plancha, Frigo, Barbecue, mobilier tables et chaises<br>Jardin de 350 M2 avec Piscine Privative<\/p>\n\n\n\n<p class=\"has-text-align-center\"><strong><br>La P&rsquo;tite Victorine<\/strong><br>Annexe ext\u00e9rieure \u00e0 proximit\u00e9 imm\u00e9diate au G\u00eete (10 M\u00e8tres)<br>Petit s\u00e9jour de 20 M2 avec Kitchenette + cabinet de toilette et WC<br>2 Chambres &#8211; G\u00eete avec Parking Privatif pour15 v\u00e9hicules, <br><\/p>\n\n\n\n<h2 class=\"wp-block-heading has-text-align-center\"><strong>H\u00e9bergement<\/strong><\/h2>\n\n\n\n<p class=\"has-text-align-center\"><strong>RDC + 1 Etage<\/strong><br>Une grande Cuisine + s\u00e9jour en enfilade 45 M2<\/p>\n\n\n\n<p class=\"has-text-align-center\"><br>G\u00eetes \u00ab La Victorine + P\u2019tite Victorine\u00bb <br>&#8211; De 15 \u00e0 25 Couchages<\/p>\n\n\n\n<p class=\"has-text-align-center\">Composition:<\/p>\n\n\n\n<div class=\"wp-block-group is-nowrap is-layout-flex wp-container-core-group-is-layout-ad2f72ca wp-block-group-is-layout-flex\">\n<ul class=\"wp-block-list\">\n<li>Une Maison principale : 5 Chambres + 1 Dortoir 15 Couchages + Dortoir<\/li>\n\n\n\n<li>Petite Victorine 2 Chambres dont 6 Couchages \u00ab <strong>La Grande Cabane<\/strong> \u00bb<\/li>\n\n\n\n<li>2 Salles \u00e0 Manger (1 Cahute)<\/li>\n\n\n\n<li>1 salon <\/li>\n\n\n\n<li>2 TV <\/li>\n\n\n\n<li>5 Lits Simples<\/li>\n\n\n\n<li>5 WC<\/li>\n\n\n\n<li>5 Salles de douches<\/li>\n\n\n\n<li>3 R\u00e9frig\u00e9rateurs <\/li>\n\n\n\n<li>1 cong\u00e9lateur<\/li>\n\n\n\n<li> 1 lave vaisselle<\/li>\n\n\n\n<li>1 Lave Linge <\/li>\n\n\n\n<li>Canap\u00e9 Convertible<\/li>\n<\/ul>\n\n\n<div class=\"wp-block-image\">\n<figure class=\"aligncenter size-full\"><img loading=\"lazy\" decoding=\"async\" width=\"305\" height=\"336\" src=\"http:\/\/domainedelabassemarche.fr\/wp-content\/uploads\/2026\/02\/composition-victoire.png\" alt=\"\" class=\"wp-image-315\" srcset=\"https:\/\/domainedelabassemarche.fr\/wp-content\/uploads\/2026\/02\/composition-victoire.png 305w, https:\/\/domainedelabassemarche.fr\/wp-content\/uploads\/2026\/02\/composition-victoire-272x300.png 272w\" sizes=\"auto, (max-width: 305px) 100vw, 305px\" \/><\/figure>\n<\/div><\/div>\n\n\n\n<p class=\"has-text-align-center\"><br><\/p>\n\n\n<div class=\"wp-block-image\">\n<figure class=\"aligncenter size-full\"><img loading=\"lazy\" decoding=\"async\" width=\"772\" height=\"447\" src=\"https:\/\/domainedelabassemarche.fr\/wp-content\/uploads\/2026\/02\/galerie-victorine-1.png\" alt=\"\" class=\"wp-image-323\" srcset=\"https:\/\/domainedelabassemarche.fr\/wp-content\/uploads\/2026\/02\/galerie-victorine-1.png 772w, https:\/\/domainedelabassemarche.fr\/wp-content\/uploads\/2026\/02\/galerie-victorine-1-300x174.png 300w, https:\/\/domainedelabassemarche.fr\/wp-content\/uploads\/2026\/02\/galerie-victorine-1-768x445.png 768w\" sizes=\"auto, (max-width: 772px) 100vw, 772px\" \/><\/figure>\n<\/div>","protected":false},"excerpt":{"rendered":"<p>Le G\u00eete La Victorine + La P&rsquo;tite Victorine \u00bb Grande Fermette LimousineRDC + 1 Etage Une grande Cuisine + s\u00e9jour en enfilade 45 M2Un Salon de 25 M2 avec canap\u00e9sTerrasse de 24 M2 Cuisine Bar Ext avec salon toutes saisonsenti\u00e8rement \u00e9quip\u00e9e 35 M2Plancha, Frigo, Barbecue, mobilier tables et chaisesJardin de 350 M2 avec Piscine Privative [&hellip;]<\/p>\n","protected":false},"author":1,"featured_media":0,"parent":0,"menu_order":0,"comment_status":"closed","ping_status":"closed","template":"","meta":{"footnotes":""},"class_list":["post-149","page","type-page","status-publish","hentry"],"yoast_head":"<!-- This site is optimized with the Yoast SEO plugin v27.0 - https:\/\/yoast.com\/product\/yoast-seo-wordpress\/ -->\n<title>La Victorine - Domaine de la Basse Marche<\/title>\n<meta name=\"robots\" content=\"index, follow, max-snippet:-1, max-image-preview:large, max-video-preview:-1\" \/>\n<link rel=\"canonical\" href=\"https:\/\/domainedelabassemarche.fr\/?page_id=149\" \/>\n<meta property=\"og:locale\" content=\"fr_FR\" \/>\n<meta property=\"og:type\" content=\"article\" \/>\n<meta property=\"og:title\" content=\"La Victorine - Domaine de la Basse Marche\" \/>\n<meta property=\"og:description\" content=\"Le G\u00eete La Victorine + La P&rsquo;tite Victorine \u00bb Grande Fermette LimousineRDC + 1 Etage Une grande Cuisine + s\u00e9jour en enfilade 45 M2Un Salon de 25 M2 avec canap\u00e9sTerrasse de 24 M2 Cuisine Bar Ext avec salon toutes saisonsenti\u00e8rement \u00e9quip\u00e9e 35 M2Plancha, Frigo, Barbecue, mobilier tables et chaisesJardin de 350 M2 avec Piscine Privative [&hellip;]\" \/>\n<meta property=\"og:url\" content=\"https:\/\/domainedelabassemarche.fr\/?page_id=149\" \/>\n<meta property=\"og:site_name\" content=\"Domaine de la Basse Marche\" \/>\n<meta property=\"article:modified_time\" content=\"2026-02-19T19:39:36+00:00\" \/>\n<meta property=\"og:image\" content=\"https:\/\/domainedelabassemarche.fr\/wp-content\/uploads\/2025\/01\/Logo-Victorine.png\" \/>\n\t<meta property=\"og:image:width\" content=\"263\" \/>\n\t<meta property=\"og:image:height\" content=\"239\" \/>\n\t<meta property=\"og:image:type\" content=\"image\/png\" \/>\n<meta name=\"twitter:card\" content=\"summary_large_image\" \/>\n<meta name=\"twitter:label1\" content=\"Dur\u00e9e de lecture estim\u00e9e\" \/>\n\t<meta name=\"twitter:data1\" content=\"2 minutes\" \/>\n<script type=\"application\/ld+json\" class=\"yoast-schema-graph\">{\"@context\":\"https:\/\/schema.org\",\"@graph\":[{\"@type\":\"WebPage\",\"@id\":\"https:\/\/domainedelabassemarche.fr\/?page_id=149\",\"url\":\"https:\/\/domainedelabassemarche.fr\/?page_id=149\",\"name\":\"La Victorine - Domaine de la Basse Marche\",\"isPartOf\":{\"@id\":\"https:\/\/domainedelabassemarche.fr\/#website\"},\"primaryImageOfPage\":{\"@id\":\"https:\/\/domainedelabassemarche.fr\/?page_id=149#primaryimage\"},\"image\":{\"@id\":\"https:\/\/domainedelabassemarche.fr\/?page_id=149#primaryimage\"},\"thumbnailUrl\":\"http:\/\/domainedelabassemarche.fr\/wp-content\/uploads\/2025\/01\/Logo-Victorine.png\",\"datePublished\":\"2025-01-25T15:55:51+00:00\",\"dateModified\":\"2026-02-19T19:39:36+00:00\",\"breadcrumb\":{\"@id\":\"https:\/\/domainedelabassemarche.fr\/?page_id=149#breadcrumb\"},\"inLanguage\":\"fr-FR\",\"potentialAction\":[{\"@type\":\"ReadAction\",\"target\":[\"https:\/\/domainedelabassemarche.fr\/?page_id=149\"]}]},{\"@type\":\"ImageObject\",\"inLanguage\":\"fr-FR\",\"@id\":\"https:\/\/domainedelabassemarche.fr\/?page_id=149#primaryimage\",\"url\":\"https:\/\/domainedelabassemarche.fr\/wp-content\/uploads\/2025\/01\/Logo-Victorine.png\",\"contentUrl\":\"https:\/\/domainedelabassemarche.fr\/wp-content\/uploads\/2025\/01\/Logo-Victorine.png\",\"width\":263,\"height\":239},{\"@type\":\"BreadcrumbList\",\"@id\":\"https:\/\/domainedelabassemarche.fr\/?page_id=149#breadcrumb\",\"itemListElement\":[{\"@type\":\"ListItem\",\"position\":1,\"name\":\"Accueil\",\"item\":\"https:\/\/domainedelabassemarche.fr\/\"},{\"@type\":\"ListItem\",\"position\":2,\"name\":\"La Victorine\"}]},{\"@type\":\"WebSite\",\"@id\":\"https:\/\/domainedelabassemarche.fr\/#website\",\"url\":\"https:\/\/domainedelabassemarche.fr\/\",\"name\":\"domainedelabasemarche.fr\",\"description\":\"\",\"alternateName\":\"domainedelabasemarche\",\"potentialAction\":[{\"@type\":\"SearchAction\",\"target\":{\"@type\":\"EntryPoint\",\"urlTemplate\":\"https:\/\/domainedelabassemarche.fr\/?s={search_term_string}\"},\"query-input\":{\"@type\":\"PropertyValueSpecification\",\"valueRequired\":true,\"valueName\":\"search_term_string\"}}],\"inLanguage\":\"fr-FR\"}]}<\/script>\n<!-- \/ Yoast SEO plugin. -->","yoast_head_json":{"title":"La Victorine - Domaine de la Basse Marche","robots":{"index":"index","follow":"follow","max-snippet":"max-snippet:-1","max-image-preview":"max-image-preview:large","max-video-preview":"max-video-preview:-1"},"canonical":"https:\/\/domainedelabassemarche.fr\/?page_id=149","og_locale":"fr_FR","og_type":"article","og_title":"La Victorine - Domaine de la Basse Marche","og_description":"Le G\u00eete La Victorine + La P&rsquo;tite Victorine \u00bb Grande Fermette LimousineRDC + 1 Etage Une grande Cuisine + s\u00e9jour en enfilade 45 M2Un Salon de 25 M2 avec canap\u00e9sTerrasse de 24 M2 Cuisine Bar Ext avec salon toutes saisonsenti\u00e8rement \u00e9quip\u00e9e 35 M2Plancha, Frigo, Barbecue, mobilier tables et chaisesJardin de 350 M2 avec Piscine Privative [&hellip;]","og_url":"https:\/\/domainedelabassemarche.fr\/?page_id=149","og_site_name":"Domaine de la Basse Marche","article_modified_time":"2026-02-19T19:39:36+00:00","og_image":[{"width":263,"height":239,"url":"https:\/\/domainedelabassemarche.fr\/wp-content\/uploads\/2025\/01\/Logo-Victorine.png","type":"image\/png"}],"twitter_card":"summary_large_image","twitter_misc":{"Dur\u00e9e de lecture estim\u00e9e":"2 minutes"},"schema":{"@context":"https:\/\/schema.org","@graph":[{"@type":"WebPage","@id":"https:\/\/domainedelabassemarche.fr\/?page_id=149","url":"https:\/\/domainedelabassemarche.fr\/?page_id=149","name":"La Victorine - Domaine de la Basse Marche","isPartOf":{"@id":"https:\/\/domainedelabassemarche.fr\/#website"},"primaryImageOfPage":{"@id":"https:\/\/domainedelabassemarche.fr\/?page_id=149#primaryimage"},"image":{"@id":"https:\/\/domainedelabassemarche.fr\/?page_id=149#primaryimage"},"thumbnailUrl":"http:\/\/domainedelabassemarche.fr\/wp-content\/uploads\/2025\/01\/Logo-Victorine.png","datePublished":"2025-01-25T15:55:51+00:00","dateModified":"2026-02-19T19:39:36+00:00","breadcrumb":{"@id":"https:\/\/domainedelabassemarche.fr\/?page_id=149#breadcrumb"},"inLanguage":"fr-FR","potentialAction":[{"@type":"ReadAction","target":["https:\/\/domainedelabassemarche.fr\/?page_id=149"]}]},{"@type":"ImageObject","inLanguage":"fr-FR","@id":"https:\/\/domainedelabassemarche.fr\/?page_id=149#primaryimage","url":"https:\/\/domainedelabassemarche.fr\/wp-content\/uploads\/2025\/01\/Logo-Victorine.png","contentUrl":"https:\/\/domainedelabassemarche.fr\/wp-content\/uploads\/2025\/01\/Logo-Victorine.png","width":263,"height":239},{"@type":"BreadcrumbList","@id":"https:\/\/domainedelabassemarche.fr\/?page_id=149#breadcrumb","itemListElement":[{"@type":"ListItem","position":1,"name":"Accueil","item":"https:\/\/domainedelabassemarche.fr\/"},{"@type":"ListItem","position":2,"name":"La Victorine"}]},{"@type":"WebSite","@id":"https:\/\/domainedelabassemarche.fr\/#website","url":"https:\/\/domainedelabassemarche.fr\/","name":"domainedelabasemarche.fr","description":"","alternateName":"domainedelabasemarche","potentialAction":[{"@type":"SearchAction","target":{"@type":"EntryPoint","urlTemplate":"https:\/\/domainedelabassemarche.fr\/?s={search_term_string}"},"query-input":{"@type":"PropertyValueSpecification","valueRequired":true,"valueName":"search_term_string"}}],"inLanguage":"fr-FR"}]}},"_links":{"self":[{"href":"https:\/\/domainedelabassemarche.fr\/index.php?rest_route=\/wp\/v2\/pages\/149","targetHints":{"allow":["GET"]}}],"collection":[{"href":"https:\/\/domainedelabassemarche.fr\/index.php?rest_route=\/wp\/v2\/pages"}],"about":[{"href":"https:\/\/domainedelabassemarche.fr\/index.php?rest_route=\/wp\/v2\/types\/page"}],"author":[{"embeddable":true,"href":"https:\/\/domainedelabassemarche.fr\/index.php?rest_route=\/wp\/v2\/users\/1"}],"replies":[{"embeddable":true,"href":"https:\/\/domainedelabassemarche.fr\/index.php?rest_route=%2Fwp%2Fv2%2Fcomments&post=149"}],"version-history":[{"count":9,"href":"https:\/\/domainedelabassemarche.fr\/index.php?rest_route=\/wp\/v2\/pages\/149\/revisions"}],"predecessor-version":[{"id":324,"href":"https:\/\/domainedelabassemarche.fr\/index.php?rest_route=\/wp\/v2\/pages\/149\/revisions\/324"}],"wp:attachment":[{"href":"https:\/\/domainedelabassemarche.fr\/index.php?rest_route=%2Fwp%2Fv2%2Fmedia&parent=149"}],"curies":[{"name":"wp","href":"https:\/\/api.w.org\/{rel}","templated":true}]}}